{"id":551,"date":"2024-08-27T10:11:28","date_gmt":"2024-08-27T08:11:28","guid":{"rendered":"https:\/\/dukes-band.de\/?page_id=551"},"modified":"2024-08-27T12:50:13","modified_gmt":"2024-08-27T10:50:13","slug":"spanien-2024-wir-drehen-videos","status":"publish","type":"page","link":"https:\/\/dukes-band.de\/?page_id=551","title":{"rendered":"Spanien 2024 &#8211; Wir drehen Videos"},"content":{"rendered":"\n<figure class=\"wp-block-image size-large\"><img loading=\"lazy\" width=\"1024\" height=\"768\" src=\"http:\/\/dukes-band.de\/wp-content\/uploads\/2024\/08\/IMG_8218-1024x768.jpg\" alt=\"\" class=\"wp-image-550\" srcset=\"https:\/\/dukes-band.de\/wp-content\/uploads\/2024\/08\/IMG_8218-1024x768.jpg 1024w, https:\/\/dukes-band.de\/wp-content\/uploads\/2024\/08\/IMG_8218-300x225.jpg 300w, https:\/\/dukes-band.de\/wp-content\/uploads\/2024\/08\/IMG_8218-768x576.jpg 768w, https:\/\/dukes-band.de\/wp-content\/uploads\/2024\/08\/IMG_8218-1536x1152.jpg 1536w, https:\/\/dukes-band.de\/wp-content\/uploads\/2024\/08\/IMG_8218-2048x1536.jpg 2048w\" sizes=\"(max-width: 767px) 89vw, (max-width: 1000px) 54vw, (max-width: 1071px) 543px, 580px\" \/><figcaption>Spanien &#8211; Wir kommen aber ob das alles klappt? Schauen wir mal \ud83d\ude42<\/figcaption><\/figure>\n\n\n\n<figure class=\"wp-block-image size-large\"><img loading=\"lazy\" width=\"1024\" height=\"768\" src=\"http:\/\/dukes-band.de\/wp-content\/uploads\/2024\/08\/IMG_8030-1024x768.jpg\" alt=\"\" class=\"wp-image-544\" srcset=\"https:\/\/dukes-band.de\/wp-content\/uploads\/2024\/08\/IMG_8030-1024x768.jpg 1024w, https:\/\/dukes-band.de\/wp-content\/uploads\/2024\/08\/IMG_8030-300x225.jpg 300w, https:\/\/dukes-band.de\/wp-content\/uploads\/2024\/08\/IMG_8030-768x576.jpg 768w, https:\/\/dukes-band.de\/wp-content\/uploads\/2024\/08\/IMG_8030-1536x1152.jpg 1536w, https:\/\/dukes-band.de\/wp-content\/uploads\/2024\/08\/IMG_8030-2048x1536.jpg 2048w\" sizes=\"(max-width: 767px) 89vw, (max-width: 1000px) 54vw, (max-width: 1071px) 543px, 580px\" \/><figcaption>Jau, hat geklappt und wir werden von unseren Freunden begr\u00fc\u00dft. Sehr sch\u00f6n wieder hier zu sein. <\/figcaption><\/figure>\n\n\n\n<figure class=\"wp-block-image size-large\"><img loading=\"lazy\" width=\"1024\" height=\"768\" src=\"http:\/\/dukes-band.de\/wp-content\/uploads\/2024\/08\/IMG_8186-1024x768.jpg\" alt=\"\" class=\"wp-image-546\" srcset=\"https:\/\/dukes-band.de\/wp-content\/uploads\/2024\/08\/IMG_8186-1024x768.jpg 1024w, https:\/\/dukes-band.de\/wp-content\/uploads\/2024\/08\/IMG_8186-300x225.jpg 300w, https:\/\/dukes-band.de\/wp-content\/uploads\/2024\/08\/IMG_8186-768x576.jpg 768w, https:\/\/dukes-band.de\/wp-content\/uploads\/2024\/08\/IMG_8186-1536x1152.jpg 1536w, https:\/\/dukes-band.de\/wp-content\/uploads\/2024\/08\/IMG_8186-2048x1536.jpg 2048w\" sizes=\"(max-width: 767px) 89vw, (max-width: 1000px) 54vw, (max-width: 1071px) 543px, 580px\" \/><figcaption>mmh, Gambas selbst gegrillt mit den entsprechenden Kaltgetr\u00e4nken.<\/figcaption><\/figure>\n\n\n\n<figure class=\"wp-block-image size-large\"><img loading=\"lazy\" width=\"768\" height=\"1024\" src=\"http:\/\/dukes-band.de\/wp-content\/uploads\/2024\/08\/a5b773d1-27b1-4ba8-a353-8028b40a69bc-768x1024.jpg\" alt=\"\" class=\"wp-image-549\" srcset=\"https:\/\/dukes-band.de\/wp-content\/uploads\/2024\/08\/a5b773d1-27b1-4ba8-a353-8028b40a69bc-768x1024.jpg 768w, https:\/\/dukes-band.de\/wp-content\/uploads\/2024\/08\/a5b773d1-27b1-4ba8-a353-8028b40a69bc-225x300.jpg 225w, https:\/\/dukes-band.de\/wp-content\/uploads\/2024\/08\/a5b773d1-27b1-4ba8-a353-8028b40a69bc-1152x1536.jpg 1152w, https:\/\/dukes-band.de\/wp-content\/uploads\/2024\/08\/a5b773d1-27b1-4ba8-a353-8028b40a69bc.jpg 1536w\" sizes=\"(max-width: 767px) 89vw, (max-width: 1000px) 54vw, (max-width: 1071px) 543px, 580px\" \/><figcaption>Unser erster Videodreh auf einem Racing Boat, mal schauen wie das mit der Schaukelei wird &#8230;<\/figcaption><\/figure>\n\n\n\n<figure class=\"wp-block-image size-large\"><img loading=\"lazy\" width=\"1024\" height=\"768\" src=\"http:\/\/dukes-band.de\/wp-content\/uploads\/2024\/08\/IMG_8044-1024x768.jpg\" alt=\"\" class=\"wp-image-543\" srcset=\"https:\/\/dukes-band.de\/wp-content\/uploads\/2024\/08\/IMG_8044-1024x768.jpg 1024w, https:\/\/dukes-band.de\/wp-content\/uploads\/2024\/08\/IMG_8044-300x225.jpg 300w, https:\/\/dukes-band.de\/wp-content\/uploads\/2024\/08\/IMG_8044-768x576.jpg 768w, https:\/\/dukes-band.de\/wp-content\/uploads\/2024\/08\/IMG_8044-1536x1152.jpg 1536w, https:\/\/dukes-band.de\/wp-content\/uploads\/2024\/08\/IMG_8044-2048x1536.jpg 2048w\" sizes=\"(max-width: 767px) 89vw, (max-width: 1000px) 54vw, (max-width: 1071px) 543px, 580px\" \/><figcaption>auf jeden Fall haben wir &#8222;Proviant&#8220; an Bord \ud83d\ude09<\/figcaption><\/figure>\n\n\n\n<figure class=\"wp-block-image size-large\"><img loading=\"lazy\" width=\"1024\" height=\"768\" src=\"http:\/\/dukes-band.de\/wp-content\/uploads\/2024\/08\/IMG_8057-1024x768.jpg\" alt=\"\" class=\"wp-image-542\" srcset=\"https:\/\/dukes-band.de\/wp-content\/uploads\/2024\/08\/IMG_8057-1024x768.jpg 1024w, https:\/\/dukes-band.de\/wp-content\/uploads\/2024\/08\/IMG_8057-300x225.jpg 300w, https:\/\/dukes-band.de\/wp-content\/uploads\/2024\/08\/IMG_8057-768x576.jpg 768w, https:\/\/dukes-band.de\/wp-content\/uploads\/2024\/08\/IMG_8057-1536x1152.jpg 1536w, https:\/\/dukes-band.de\/wp-content\/uploads\/2024\/08\/IMG_8057-2048x1536.jpg 2048w\" sizes=\"(max-width: 767px) 89vw, (max-width: 1000px) 54vw, (max-width: 1071px) 543px, 580px\" \/><figcaption>L\u00e4uft &#8211; so kann man(frau) es gut aushalten <\/figcaption><\/figure>\n\n\n\n<figure class=\"wp-block-image size-large\"><img loading=\"lazy\" width=\"1024\" height=\"768\" src=\"http:\/\/dukes-band.de\/wp-content\/uploads\/2024\/08\/IMG_8065-1024x768.jpg\" alt=\"\" class=\"wp-image-541\" srcset=\"https:\/\/dukes-band.de\/wp-content\/uploads\/2024\/08\/IMG_8065-1024x768.jpg 1024w, https:\/\/dukes-band.de\/wp-content\/uploads\/2024\/08\/IMG_8065-300x225.jpg 300w, https:\/\/dukes-band.de\/wp-content\/uploads\/2024\/08\/IMG_8065-768x576.jpg 768w, https:\/\/dukes-band.de\/wp-content\/uploads\/2024\/08\/IMG_8065-1536x1152.jpg 1536w, https:\/\/dukes-band.de\/wp-content\/uploads\/2024\/08\/IMG_8065-2048x1536.jpg 2048w\" sizes=\"(max-width: 767px) 89vw, (max-width: 1000px) 54vw, (max-width: 1071px) 543px, 580px\" \/><figcaption>auch auf dem Vorschiff spielen Dumpi und Dirk professionel, das kann ja nur gut werden<\/figcaption><\/figure>\n\n\n\n<figure class=\"wp-block-image size-large\"><img loading=\"lazy\" width=\"768\" height=\"1024\" src=\"http:\/\/dukes-band.de\/wp-content\/uploads\/2024\/08\/272dca2e-940f-4f5a-b2b7-fc99aac268fd-768x1024.jpg\" alt=\"\" class=\"wp-image-535\" srcset=\"https:\/\/dukes-band.de\/wp-content\/uploads\/2024\/08\/272dca2e-940f-4f5a-b2b7-fc99aac268fd-768x1024.jpg 768w, https:\/\/dukes-band.de\/wp-content\/uploads\/2024\/08\/272dca2e-940f-4f5a-b2b7-fc99aac268fd-225x300.jpg 225w, https:\/\/dukes-band.de\/wp-content\/uploads\/2024\/08\/272dca2e-940f-4f5a-b2b7-fc99aac268fd-1152x1536.jpg 1152w, https:\/\/dukes-band.de\/wp-content\/uploads\/2024\/08\/272dca2e-940f-4f5a-b2b7-fc99aac268fd.jpg 1536w\" sizes=\"(max-width: 767px) 89vw, (max-width: 1000px) 54vw, (max-width: 1071px) 543px, 580px\" \/><figcaption>Auf zum Live Gig am Strand von La Zenia &#8211; top &#8211; so macht es auch Spa\u00df, Sonne und Strand &#8230;<\/figcaption><\/figure>\n\n\n\n<figure class=\"wp-block-image size-large\"><img loading=\"lazy\" width=\"768\" height=\"1024\" src=\"http:\/\/dukes-band.de\/wp-content\/uploads\/2024\/08\/IMG_8087-768x1024.jpg\" alt=\"\" class=\"wp-image-540\" srcset=\"https:\/\/dukes-band.de\/wp-content\/uploads\/2024\/08\/IMG_8087-768x1024.jpg 768w, https:\/\/dukes-band.de\/wp-content\/uploads\/2024\/08\/IMG_8087-225x300.jpg 225w, https:\/\/dukes-band.de\/wp-content\/uploads\/2024\/08\/IMG_8087-1152x1536.jpg 1152w, https:\/\/dukes-band.de\/wp-content\/uploads\/2024\/08\/IMG_8087-1536x2048.jpg 1536w, https:\/\/dukes-band.de\/wp-content\/uploads\/2024\/08\/IMG_8087-scaled.jpg 1920w\" sizes=\"(max-width: 767px) 89vw, (max-width: 1000px) 54vw, (max-width: 1071px) 543px, 580px\" \/><figcaption>sch\u00f6ne Aussicht oder?<\/figcaption><\/figure>\n\n\n\n<figure class=\"wp-block-image size-large\"><img loading=\"lazy\" width=\"1024\" height=\"768\" src=\"http:\/\/dukes-band.de\/wp-content\/uploads\/2024\/08\/IMG_8172-1024x768.jpg\" alt=\"\" class=\"wp-image-545\" srcset=\"https:\/\/dukes-band.de\/wp-content\/uploads\/2024\/08\/IMG_8172-1024x768.jpg 1024w, https:\/\/dukes-band.de\/wp-content\/uploads\/2024\/08\/IMG_8172-300x225.jpg 300w, https:\/\/dukes-band.de\/wp-content\/uploads\/2024\/08\/IMG_8172-768x576.jpg 768w, https:\/\/dukes-band.de\/wp-content\/uploads\/2024\/08\/IMG_8172-1536x1152.jpg 1536w, https:\/\/dukes-band.de\/wp-content\/uploads\/2024\/08\/IMG_8172-2048x1536.jpg 2048w\" sizes=\"(max-width: 767px) 89vw, (max-width: 1000px) 54vw, (max-width: 1071px) 543px, 580px\" \/><\/figure>\n\n\n\n<p>Wir bereiten den n\u00e4chsten Videodreh vor, diesmal am Strand (im Wasser :-))<\/p>\n\n\n\n<figure class=\"wp-block-image size-large\"><img loading=\"lazy\" width=\"1024\" height=\"768\" src=\"http:\/\/dukes-band.de\/wp-content\/uploads\/2024\/08\/IMG_8127-1024x768.jpg\" alt=\"\" class=\"wp-image-537\" srcset=\"https:\/\/dukes-band.de\/wp-content\/uploads\/2024\/08\/IMG_8127-1024x768.jpg 1024w, https:\/\/dukes-band.de\/wp-content\/uploads\/2024\/08\/IMG_8127-300x225.jpg 300w, https:\/\/dukes-band.de\/wp-content\/uploads\/2024\/08\/IMG_8127-768x576.jpg 768w, https:\/\/dukes-band.de\/wp-content\/uploads\/2024\/08\/IMG_8127-1536x1152.jpg 1536w, https:\/\/dukes-band.de\/wp-content\/uploads\/2024\/08\/IMG_8127-2048x1536.jpg 2048w\" sizes=\"(max-width: 767px) 89vw, (max-width: 1000px) 54vw, (max-width: 1071px) 543px, 580px\" \/><figcaption>Auch dieses geile Auto ist Bestandteil in einem Video, lasst Euch \u00fcberraschen &#8230;<\/figcaption><\/figure>\n\n\n\n<figure class=\"wp-block-image size-large\"><img loading=\"lazy\" width=\"768\" height=\"1024\" src=\"http:\/\/dukes-band.de\/wp-content\/uploads\/2024\/08\/0323d89e-cc6a-47df-b402-7573f18a1cd1-768x1024.jpg\" alt=\"\" class=\"wp-image-548\" srcset=\"https:\/\/dukes-band.de\/wp-content\/uploads\/2024\/08\/0323d89e-cc6a-47df-b402-7573f18a1cd1-768x1024.jpg 768w, https:\/\/dukes-band.de\/wp-content\/uploads\/2024\/08\/0323d89e-cc6a-47df-b402-7573f18a1cd1-225x300.jpg 225w, https:\/\/dukes-band.de\/wp-content\/uploads\/2024\/08\/0323d89e-cc6a-47df-b402-7573f18a1cd1-1152x1536.jpg 1152w, https:\/\/dukes-band.de\/wp-content\/uploads\/2024\/08\/0323d89e-cc6a-47df-b402-7573f18a1cd1.jpg 1536w\" sizes=\"(max-width: 767px) 89vw, (max-width: 1000px) 54vw, (max-width: 1071px) 543px, 580px\" \/><\/figure>\n\n\n\n<p>Kein Cadi aber auch nett, nur etwas wenig Platz \ud83d\ude00<\/p>\n\n\n\n<figure class=\"wp-block-image size-large\"><img loading=\"lazy\" width=\"768\" height=\"1024\" src=\"http:\/\/dukes-band.de\/wp-content\/uploads\/2024\/08\/IMG_8190-768x1024.jpg\" alt=\"\" class=\"wp-image-547\" srcset=\"https:\/\/dukes-band.de\/wp-content\/uploads\/2024\/08\/IMG_8190-768x1024.jpg 768w, https:\/\/dukes-band.de\/wp-content\/uploads\/2024\/08\/IMG_8190-225x300.jpg 225w, https:\/\/dukes-band.de\/wp-content\/uploads\/2024\/08\/IMG_8190-1152x1536.jpg 1152w, https:\/\/dukes-band.de\/wp-content\/uploads\/2024\/08\/IMG_8190-1536x2048.jpg 1536w, https:\/\/dukes-band.de\/wp-content\/uploads\/2024\/08\/IMG_8190-scaled.jpg 1920w\" sizes=\"(max-width: 767px) 89vw, (max-width: 1000px) 54vw, (max-width: 1071px) 543px, 580px\" \/><figcaption>Leider ist der Kurzurlaub schon vorbei, aber nach dem Urlaub ist vor dem Urlaub, es war eine tolle Zeit, hat sehr viel Spa\u00df gemacht und besten Dank an Dirk f\u00fcr die tolle Unterkunft ( mal wieder ) und Leo f\u00fcr die tollen Videos, Ideen und \u00fcberhaupt \ud83d\ude42<\/figcaption><\/figure>\n\n\n\n<figure class=\"wp-block-image size-large\"><img loading=\"lazy\" width=\"1024\" height=\"768\" src=\"http:\/\/dukes-band.de\/wp-content\/uploads\/2024\/08\/IMG_8147-1024x768.jpg\" alt=\"\" class=\"wp-image-559\" srcset=\"https:\/\/dukes-band.de\/wp-content\/uploads\/2024\/08\/IMG_8147-1024x768.jpg 1024w, https:\/\/dukes-band.de\/wp-content\/uploads\/2024\/08\/IMG_8147-300x225.jpg 300w, https:\/\/dukes-band.de\/wp-content\/uploads\/2024\/08\/IMG_8147-768x576.jpg 768w, https:\/\/dukes-band.de\/wp-content\/uploads\/2024\/08\/IMG_8147-1536x1152.jpg 1536w, https:\/\/dukes-band.de\/wp-content\/uploads\/2024\/08\/IMG_8147-2048x1536.jpg 2048w\" sizes=\"(max-width: 767px) 89vw, (max-width: 1000px) 54vw, (max-width: 1071px) 543px, 580px\" \/><figcaption>Leo, auf dem Schiff bei Wellen oder am Strand egal, Leo hat immer die Kamera gehalten &#8211; Tausend Dank daf\u00fcr!<\/figcaption><\/figure>\n\n\n\n<figure class=\"wp-block-image size-large\"><img loading=\"lazy\" width=\"768\" height=\"1024\" src=\"http:\/\/dukes-band.de\/wp-content\/uploads\/2024\/08\/IMG_8086-768x1024.jpg\" alt=\"\" class=\"wp-image-556\" srcset=\"https:\/\/dukes-band.de\/wp-content\/uploads\/2024\/08\/IMG_8086-768x1024.jpg 768w, https:\/\/dukes-band.de\/wp-content\/uploads\/2024\/08\/IMG_8086-225x300.jpg 225w, https:\/\/dukes-band.de\/wp-content\/uploads\/2024\/08\/IMG_8086-1152x1536.jpg 1152w, https:\/\/dukes-band.de\/wp-content\/uploads\/2024\/08\/IMG_8086-1536x2048.jpg 1536w, https:\/\/dukes-band.de\/wp-content\/uploads\/2024\/08\/IMG_8086-scaled.jpg 1920w\" sizes=\"(max-width: 767px) 89vw, (max-width: 1000px) 54vw, (max-width: 1071px) 543px, 580px\" \/><figcaption>Dirk, unser Spanien Organisator, Eigent\u00fcmer und top Typ &#8211; Danke f\u00fcr die Erm\u00f6glichung dieser geilen Reise!<\/figcaption><\/figure>\n\n\n\n<figure class=\"wp-block-image size-large\"><img loading=\"lazy\" width=\"1024\" height=\"768\" src=\"http:\/\/dukes-band.de\/wp-content\/uploads\/2024\/08\/IMG_8020-1024x768.jpg\" alt=\"\" class=\"wp-image-558\" srcset=\"https:\/\/dukes-band.de\/wp-content\/uploads\/2024\/08\/IMG_8020-1024x768.jpg 1024w, https:\/\/dukes-band.de\/wp-content\/uploads\/2024\/08\/IMG_8020-300x225.jpg 300w, https:\/\/dukes-band.de\/wp-content\/uploads\/2024\/08\/IMG_8020-768x576.jpg 768w, https:\/\/dukes-band.de\/wp-content\/uploads\/2024\/08\/IMG_8020-1536x1152.jpg 1536w, https:\/\/dukes-band.de\/wp-content\/uploads\/2024\/08\/IMG_8020-2048x1536.jpg 2048w\" sizes=\"(max-width: 767px) 89vw, (max-width: 1000px) 54vw, (max-width: 1071px) 543px, 580px\" \/><figcaption>Stephan, der Mann f\u00fcr alle F\u00e4lle, immer da, immer hilfsbereit egal was, Wasserschaden, Auto oder einfach nur kalte Getr\u00e4nke f\u00fcr die Band \ud83d\ude42 Auch Dir ein gro\u00dfen Dank f\u00fcr Deine Zeit &#8211; war toll!<\/figcaption><\/figure>\n\n\n\n<p>Die DUKES Spanien 2024<\/p>\n","protected":false},"excerpt":{"rendered":"<p>Wir bereiten den n\u00e4chsten Videodreh vor, diesmal am Strand (im Wasser :-)) Kein Cadi aber auch nett, nur etwas wenig Platz \ud83d\ude00 Die DUKES Spanien 2024<\/p>\n","protected":false},"author":1,"featured_media":0,"parent":0,"menu_order":0,"comment_status":"closed","ping_status":"closed","template":"","meta":[],"_links":{"self":[{"href":"https:\/\/dukes-band.de\/index.php?rest_route=\/wp\/v2\/pages\/551"}],"collection":[{"href":"https:\/\/dukes-band.de\/index.php?rest_route=\/wp\/v2\/pages"}],"about":[{"href":"https:\/\/dukes-band.de\/index.php?rest_route=\/wp\/v2\/types\/page"}],"author":[{"embeddable":true,"href":"https:\/\/dukes-band.de\/index.php?rest_route=\/wp\/v2\/users\/1"}],"replies":[{"embeddable":true,"href":"https:\/\/dukes-band.de\/index.php?rest_route=%2Fwp%2Fv2%2Fcomments&post=551"}],"version-history":[{"count":6,"href":"https:\/\/dukes-band.de\/index.php?rest_route=\/wp\/v2\/pages\/551\/revisions"}],"predecessor-version":[{"id":564,"href":"https:\/\/dukes-band.de\/index.php?rest_route=\/wp\/v2\/pages\/551\/revisions\/564"}],"wp:attachment":[{"href":"https:\/\/dukes-band.de\/index.php?rest_route=%2Fwp%2Fv2%2Fmedia&parent=551"}],"curies":[{"name":"wp","href":"https:\/\/api.w.org\/{rel}","templated":true}]}}