{"id":305,"date":"2018-10-16T09:06:20","date_gmt":"2018-10-16T07:06:20","guid":{"rendered":"http:\/\/dukes-band.de\/?page_id=305"},"modified":"2018-10-16T09:06:20","modified_gmt":"2018-10-16T07:06:20","slug":"holland-isselmeer-tour-2018","status":"publish","type":"page","link":"https:\/\/dukes-band.de\/?page_id=305","title":{"rendered":"Holland &#8211; Isselmeer Tour 2018"},"content":{"rendered":"<p>In diesem Jahr haben wir eine kleine Wochenend Tour nach Holland zum sch\u00f6nen Isselmeer gemacht. 2 Konzerte &#8211; einmal in Lemmer (De Eerste Aanleg) und in Stavoren (Cafe Max).<\/p>\n<p>Unsere Reise begann in Stavoren, von dort sind wir mit dem mit Schiff Richtung Lemmer zum Eerst Anleeg gefahren<\/p>\n<p><img loading=\"lazy\" class=\"alignnone size-medium wp-image-308\" src=\"http:\/\/dukes-band.de\/wp-content\/uploads\/2018\/10\/EJYR1925-225x300.jpg\" alt=\"\" width=\"225\" height=\"300\" srcset=\"https:\/\/dukes-band.de\/wp-content\/uploads\/2018\/10\/EJYR1925-225x300.jpg 225w, https:\/\/dukes-band.de\/wp-content\/uploads\/2018\/10\/EJYR1925-768x1024.jpg 768w, https:\/\/dukes-band.de\/wp-content\/uploads\/2018\/10\/EJYR1925.jpg 1200w\" sizes=\"(max-width: 225px) 100vw, 225px\" \/><\/p>\n<p>Dirk hatte sehr viel Spa\u00df \ud83d\ude42<\/p>\n<p><img loading=\"lazy\" class=\"alignnone size-medium wp-image-296\" src=\"http:\/\/dukes-band.de\/wp-content\/uploads\/2018\/10\/IMG_9159-300x300.jpg\" alt=\"\" width=\"300\" height=\"300\" srcset=\"https:\/\/dukes-band.de\/wp-content\/uploads\/2018\/10\/IMG_9159-300x300.jpg 300w, https:\/\/dukes-band.de\/wp-content\/uploads\/2018\/10\/IMG_9159-150x150.jpg 150w, https:\/\/dukes-band.de\/wp-content\/uploads\/2018\/10\/IMG_9159-768x768.jpg 768w, https:\/\/dukes-band.de\/wp-content\/uploads\/2018\/10\/IMG_9159-1024x1024.jpg 1024w, https:\/\/dukes-band.de\/wp-content\/uploads\/2018\/10\/IMG_9159-100x100.jpg 100w\" sizes=\"(max-width: 300px) 100vw, 300px\" \/><\/p>\n<p>auch Rainer gefiel die Seefahrt &#8211; das lag aber auch dem sehr kalten Bier \ud83d\ude00<img loading=\"lazy\" class=\"alignnone size-medium wp-image-295\" src=\"http:\/\/dukes-band.de\/wp-content\/uploads\/2018\/10\/IMG_9158-300x300.jpg\" alt=\"\" width=\"300\" height=\"300\" srcset=\"https:\/\/dukes-band.de\/wp-content\/uploads\/2018\/10\/IMG_9158-300x300.jpg 300w, https:\/\/dukes-band.de\/wp-content\/uploads\/2018\/10\/IMG_9158-150x150.jpg 150w, https:\/\/dukes-band.de\/wp-content\/uploads\/2018\/10\/IMG_9158-768x768.jpg 768w, https:\/\/dukes-band.de\/wp-content\/uploads\/2018\/10\/IMG_9158-1024x1024.jpg 1024w, https:\/\/dukes-band.de\/wp-content\/uploads\/2018\/10\/IMG_9158-100x100.jpg 100w\" sizes=\"(max-width: 300px) 100vw, 300px\" \/><\/p>\n<p>Hier haben wir Ritchy mit seinem Schiff getroffen und sind dann gemeinsam Richtung Lemmer gefahren<\/p>\n<p><img loading=\"lazy\" class=\"alignnone size-medium wp-image-297\" src=\"http:\/\/dukes-band.de\/wp-content\/uploads\/2018\/10\/IMG_9163-e1539672922208-225x300.jpg\" alt=\"\" width=\"225\" height=\"300\" srcset=\"https:\/\/dukes-band.de\/wp-content\/uploads\/2018\/10\/IMG_9163-e1539672922208-225x300.jpg 225w, https:\/\/dukes-band.de\/wp-content\/uploads\/2018\/10\/IMG_9163-e1539672922208-768x1024.jpg 768w\" sizes=\"(max-width: 225px) 100vw, 225px\" \/><\/p>\n<p><img loading=\"lazy\" class=\"alignnone size-medium wp-image-307\" src=\"http:\/\/dukes-band.de\/wp-content\/uploads\/2018\/10\/AXGR6344-300x169.jpg\" alt=\"\" width=\"300\" height=\"169\" srcset=\"https:\/\/dukes-band.de\/wp-content\/uploads\/2018\/10\/AXGR6344-300x169.jpg 300w, https:\/\/dukes-band.de\/wp-content\/uploads\/2018\/10\/AXGR6344-768x432.jpg 768w, https:\/\/dukes-band.de\/wp-content\/uploads\/2018\/10\/AXGR6344-1024x576.jpg 1024w, https:\/\/dukes-band.de\/wp-content\/uploads\/2018\/10\/AXGR6344.jpg 1599w\" sizes=\"(max-width: 300px) 100vw, 300px\" \/><\/p>\n<p>Der Abend war lang und die Nacht kurz aber<\/p>\n<p>nach einem leckeren Fr\u00fchst\u00fcck (Katerfr\u00fchst\u00fcck) sind wir wieder in Richtung Stavoren gefahren<\/p>\n<p><img loading=\"lazy\" class=\"alignnone size-medium wp-image-299\" src=\"http:\/\/dukes-band.de\/wp-content\/uploads\/2018\/10\/IMG_9169-300x225.jpg\" alt=\"\" width=\"300\" height=\"225\" srcset=\"https:\/\/dukes-band.de\/wp-content\/uploads\/2018\/10\/IMG_9169-300x225.jpg 300w, https:\/\/dukes-band.de\/wp-content\/uploads\/2018\/10\/IMG_9169-768x576.jpg 768w, https:\/\/dukes-band.de\/wp-content\/uploads\/2018\/10\/IMG_9169-1024x768.jpg 1024w\" sizes=\"(max-width: 300px) 100vw, 300px\" \/> <img loading=\"lazy\" class=\"alignnone size-medium wp-image-309\" src=\"http:\/\/dukes-band.de\/wp-content\/uploads\/2018\/10\/GIJX8005-225x300.jpg\" alt=\"\" width=\"225\" height=\"300\" srcset=\"https:\/\/dukes-band.de\/wp-content\/uploads\/2018\/10\/GIJX8005-225x300.jpg 225w, https:\/\/dukes-band.de\/wp-content\/uploads\/2018\/10\/GIJX8005-768x1024.jpg 768w, https:\/\/dukes-band.de\/wp-content\/uploads\/2018\/10\/GIJX8005.jpg 1200w\" sizes=\"(max-width: 225px) 100vw, 225px\" \/><\/p>\n<p>um im Cafe Max zu spielen<\/p>\n<p><img loading=\"lazy\" class=\"alignnone size-medium wp-image-287\" src=\"http:\/\/dukes-band.de\/wp-content\/uploads\/2018\/10\/IMG_9190-300x225.jpg\" alt=\"\" width=\"300\" height=\"225\" srcset=\"https:\/\/dukes-band.de\/wp-content\/uploads\/2018\/10\/IMG_9190-300x225.jpg 300w, https:\/\/dukes-band.de\/wp-content\/uploads\/2018\/10\/IMG_9190-768x576.jpg 768w, https:\/\/dukes-band.de\/wp-content\/uploads\/2018\/10\/IMG_9190-1024x768.jpg 1024w\" sizes=\"(max-width: 300px) 100vw, 300px\" \/><\/p>\n<p><img loading=\"lazy\" class=\"alignnone size-medium wp-image-288\" src=\"http:\/\/dukes-band.de\/wp-content\/uploads\/2018\/10\/IMG_9194-300x169.jpg\" alt=\"\" width=\"300\" height=\"169\" srcset=\"https:\/\/dukes-band.de\/wp-content\/uploads\/2018\/10\/IMG_9194-300x169.jpg 300w, https:\/\/dukes-band.de\/wp-content\/uploads\/2018\/10\/IMG_9194-768x432.jpg 768w, https:\/\/dukes-band.de\/wp-content\/uploads\/2018\/10\/IMG_9194-1024x576.jpg 1024w\" sizes=\"(max-width: 300px) 100vw, 300px\" \/><\/p>\n<p>Das war ein tolles Wochenende und einen gro\u00dfen Dank an Richard vom De Eerste Anleeg und Max vom Cafe Max. Wir werden uns wiedersehen \ud83d\ude42<\/p>\n<p>&nbsp;<\/p>\n","protected":false},"excerpt":{"rendered":"<p>In diesem Jahr haben wir eine kleine Wochenend Tour nach Holland zum sch\u00f6nen Isselmeer gemacht. 2 Konzerte &#8211; einmal in Lemmer (De Eerste Aanleg) und in Stavoren (Cafe Max). Unsere Reise begann in Stavoren, von dort sind wir mit dem mit Schiff Richtung Lemmer zum Eerst Anleeg gefahren Dirk hatte sehr viel Spa\u00df \ud83d\ude42 auch &hellip; <\/p>\n<p class=\"link-more\"><a href=\"https:\/\/dukes-band.de\/?page_id=305\" class=\"more-link\"><span class=\"screen-reader-text\">&#8222;Holland &#8211; Isselmeer Tour 2018&#8220;<\/span> weiterlesen<\/a><\/p>\n","protected":false},"author":1,"featured_media":0,"parent":0,"menu_order":0,"comment_status":"closed","ping_status":"closed","template":"","meta":[],"_links":{"self":[{"href":"https:\/\/dukes-band.de\/index.php?rest_route=\/wp\/v2\/pages\/305"}],"collection":[{"href":"https:\/\/dukes-band.de\/index.php?rest_route=\/wp\/v2\/pages"}],"about":[{"href":"https:\/\/dukes-band.de\/index.php?rest_route=\/wp\/v2\/types\/page"}],"author":[{"embeddable":true,"href":"https:\/\/dukes-band.de\/index.php?rest_route=\/wp\/v2\/users\/1"}],"replies":[{"embeddable":true,"href":"https:\/\/dukes-band.de\/index.php?rest_route=%2Fwp%2Fv2%2Fcomments&post=305"}],"version-history":[{"count":3,"href":"https:\/\/dukes-band.de\/index.php?rest_route=\/wp\/v2\/pages\/305\/revisions"}],"predecessor-version":[{"id":311,"href":"https:\/\/dukes-band.de\/index.php?rest_route=\/wp\/v2\/pages\/305\/revisions\/311"}],"wp:attachment":[{"href":"https:\/\/dukes-band.de\/index.php?rest_route=%2Fwp%2Fv2%2Fmedia&parent=305"}],"curies":[{"name":"wp","href":"https:\/\/api.w.org\/{rel}","templated":true}]}}